{"id":2,"date":"2020-12-03T20:32:50","date_gmt":"2020-12-03T20:32:50","guid":{"rendered":"https:\/\/lexwareblogvonlogifact.live-website.com\/?page_id=2"},"modified":"2021-08-18T07:57:27","modified_gmt":"2021-08-18T07:57:27","slug":"sample-page","status":"publish","type":"page","link":"http:\/\/lexware.rocks\/?page_id=2","title":{"rendered":"Impressum"},"content":{"rendered":"\n<h3 class=\"wp-block-heading\"><strong>Angaben gem\u00e4\u00df \u00a7 5 TMG:<\/strong><\/h3>\n\n\n\n<p>Roman Hess<br>LogiFACT R. Hess<br>Wimsheimer Str. 18a<br>75233 Tiefenbronn<\/p>\n\n\n\n<h3 class=\"wp-block-heading\"><strong>Kontakt:<\/strong><\/h3>\n\n\n\n<p>Telefon: +49 (0) 7234 2470344<br>Telefax: +49 (0) 7234 2470349<br>E-Mail:&nbsp;<a href=\"javascript:linkTo_UnCryptMailto('ocknvq,tqocp0jguuBnqikhcev0dkb');\">roman.hess@logifact.biz<\/a><\/p>\n\n\n\n<h3 class=\"wp-block-heading\"><strong>Umsatzsteuer:<\/strong><\/h3>\n\n\n\n<p>Umsatzsteuer-Identifikationsnummer gem\u00e4\u00df \u00a727 a Umsatzsteuergesetz:<br>DE196973461<\/p>\n\n\n\n<h3 class=\"wp-block-heading\"><strong>Streitschlichtung<\/strong><\/h3>\n\n\n\n<p>Die Europ\u00e4ische Kommission stellt eine Plattform zur Online-Streitbeilegung (OS) bereit:&nbsp;<a href=\"https:\/\/ec.europa.eu\/consumers\/odr\" target=\"_blank\" rel=\"noreferrer noopener\">https:\/\/ec.europa.eu\/consumers\/odr<\/a>.<br>Unsere E-Mail-Adresse finden Sie oben im Impressum.<\/p>\n\n\n\n<p>Wir sind nicht bereit oder verpflichtet, an Streitbeilegungsverfahren vor einer Verbraucherschlichtungsstelle teilzunehmen.<\/p>\n\n\n\n<h3 class=\"wp-block-heading\">Webdesign Pforzheim<\/h3>\n\n\n\n<p><a href=\"http:\/\/www.buero12.de\/\" target=\"_blank\" rel=\"noreferrer noopener\">BUERO12<\/a>&nbsp;&#8211; Die Onlineagentur aus dem Nordschwarzwald<\/p>\n\n\n\n<p><a rel=\"noreferrer noopener\" href=\"http:\/\/www.buero12.de\/\" target=\"_blank\">www.buero12.de<\/a><\/p>\n\n\n\n<h3 class=\"wp-block-heading\"><strong>Rechtliche Hinweise und Haftungsausschluss<\/strong><\/h3>\n\n\n\n<p>Diese Webseiten dienen allen Kunden und Interessenten der Firma LogiFACT&nbsp; R. Hess zur Information. Das Layout sowie alle Texte, Bilder und Grafiken sind urheberrechtlich gesch\u00fctzt. Ein Download oder Ausdruck derselben ist nur zum pers\u00f6nlichen, privaten und nicht kommerziellen Gebrauch gestattet. Alle Markenzeichen sind, soweit nicht anders angegeben, markenrechtlich gesch\u00fctzt.<\/p>\n\n\n\n<p>Alle Inhalte der vorliegenden Webseiten wurden auf Vollst\u00e4ndigkeit und Richtigkeit gepr\u00fcft. Dennoch kann von Seiten der LogiFACT&nbsp; R. Hess keine Haftung f\u00fcr Sch\u00e4den materieller oder ideeller Art, die durch die Nutzung des Internetangebotes entstehen, \u00fcbernommen werden. Dies gilt insbesondere auch dann, wenn innerhalb des Webauftrittes durch entsprechende Links auf andere Webseiten hingewiesen wird. Auf den Inhalt fremder Webseiten sowie die Einhaltung der Datenschutzbestimmungen durch deren Betreiber hat die LogiFACT&nbsp; R. Hess keinen Einfluss.<\/p>\n\n\n\n<h3 class=\"wp-block-heading\"><strong>Personenbezogene Informationen<\/strong><\/h3>\n\n\n\n<p>Die Eingabe von pers\u00f6nlichen oder gesch\u00e4ftlichen Daten im Rahmen des Internetauftritts der LogiFACT&nbsp; R. Hess erfolgt freiwillig. Alle Daten werden nur zu dem angegebenen Zweck verwendet und nicht an Dritte weitergegeben. Die LogiFACT&nbsp; R. Hess sichert f\u00fcr alle Angaben einen sorgf\u00e4ltigen Umgang nach den strengen Regeln des Bundesdatenschutzgesetzes (BDSG) zu.&nbsp; Bei der Internet-Nutzung f\u00fcr den Schutz von personenbezogenen Daten ist als Rechtsvorschrift zus\u00e4tzlich noch das Teledienstedatenschutzgesetz (TDDSG) und das Teledienstegesetz (TDG) anzumerken.Weitere Informationen zum Thema Datenschutz erhalten Sie unter www.bfd.bund.deHinweis: Nehmen Sie vor der Abmahnung Kontakt mit uns auf!<\/p>\n\n\n\n<p>Sollte der Inhalt oder die Aufmachung dieser Website Rechte Dritter oder gesetzliche Bestimmungen verletzen, so bitten wir um eine entsprechende Nachricht ohne Kostennote.<\/p>\n\n\n\n<p>Zu Recht beanstandete Passagen werden unverz\u00fcglich von uns entfernt, ohne dass von Ihrer Seite die Einschaltung eines Rechtsbeistandes erforderlich ist. Dennoch von Ihnen ohne vorherige Kontaktaufnahme ausgel\u00f6ste Kosten werden vollumf\u00e4nglich zur\u00fcckgewiesen und gegebenenfalls Gegenklage wegen Verletzung vorgenannter Bestimmung eingereicht.<\/p>\n","protected":false},"excerpt":{"rendered":"<p>Angaben gem\u00e4\u00df \u00a7 5 TMG: Roman HessLogiFACT R. HessWimsheimer Str. 18a75233 Tiefenbronn Kontakt: Telefon: +49 (0) 7234 2470344Telefax: +49 (0) 7234 2470349E-Mail:&nbsp;roman.hess@logifact.biz Umsatzsteuer: Umsatzsteuer-Identifikationsnummer gem\u00e4\u00df \u00a727 a Umsatzsteuergesetz:DE196973461 Streitschlichtung Die Europ\u00e4ische Kommission stellt eine Plattform zur Online-Streitbeilegung (OS) bereit:&nbsp;https:\/\/ec.europa.eu\/consumers\/odr.Unsere E-Mail-Adresse finden Sie oben im Impressum. Wir sind nicht bereit oder verpflichtet, an Streitbeilegungsverfahren vor einer &hellip; <\/p>\n<p class=\"link-more\"><a href=\"http:\/\/lexware.rocks\/?page_id=2\" class=\"more-link\"><span class=\"screen-reader-text\">\u201eImpressum\u201c <\/span>weiterlesen<\/a><\/p>\n","protected":false},"author":1,"featured_media":0,"parent":0,"menu_order":0,"comment_status":"closed","ping_status":"open","template":"","meta":{"footnotes":""},"class_list":["post-2","page","type-page","status-publish","hentry"],"_links":{"self":[{"href":"http:\/\/lexware.rocks\/index.php?rest_route=\/wp\/v2\/pages\/2","targetHints":{"allow":["GET"]}}],"collection":[{"href":"http:\/\/lexware.rocks\/index.php?rest_route=\/wp\/v2\/pages"}],"about":[{"href":"http:\/\/lexware.rocks\/index.php?rest_route=\/wp\/v2\/types\/page"}],"author":[{"embeddable":true,"href":"http:\/\/lexware.rocks\/index.php?rest_route=\/wp\/v2\/users\/1"}],"replies":[{"embeddable":true,"href":"http:\/\/lexware.rocks\/index.php?rest_route=%2Fwp%2Fv2%2Fcomments&post=2"}],"version-history":[{"count":1,"href":"http:\/\/lexware.rocks\/index.php?rest_route=\/wp\/v2\/pages\/2\/revisions"}],"predecessor-version":[{"id":28,"href":"http:\/\/lexware.rocks\/index.php?rest_route=\/wp\/v2\/pages\/2\/revisions\/28"}],"wp:attachment":[{"href":"http:\/\/lexware.rocks\/index.php?rest_route=%2Fwp%2Fv2%2Fmedia&parent=2"}],"curies":[{"name":"wp","href":"https:\/\/api.w.org\/{rel}","templated":true}]}}